{"id":89,"date":"2016-12-14T19:59:59","date_gmt":"2016-12-14T18:59:59","guid":{"rendered":"http:\/\/shop.dyslexie-records.de\/?post_type=product&#038;p=89"},"modified":"2022-04-10T21:36:25","modified_gmt":"2022-04-10T20:36:25","slug":"wortblind-wenn-der-staub-sich-legt-cd","status":"publish","type":"product","link":"http:\/\/xn--fnffingershop-wob.live-website.com\/?product=wortblind-wenn-der-staub-sich-legt-cd","title":{"rendered":"WORTBLIND &#8211; Wenn der Staub sich legt &#8211; CD"},"content":{"rendered":"<p>Erscheinungstermin: 21. Juli 2011<br \/>\nLabel: Dyslexie Records<br \/>\nGesamtl\u00e4nge: 1:06:35<br \/>\nEs beginnt<br \/>\nIch lebe nicht f\u00fcr euch<br \/>\nKlare Sicht<br \/>\nSchocktherapie<br \/>\nStars \u00fcber Nacht<br \/>\nAlles was z\u00e4hlt Interlude<br \/>\nAlles was z\u00e4hlt<br \/>\nDein Weg<br \/>\nDer Spiegel Interlude<br \/>\nDer Spiegel<br \/>\nBleib en bisschen<br \/>\nDas sind wir<br \/>\nDu bist nicht allein<br \/>\nDer Tag geh\u00f6rt mir<br \/>\nHelden<br \/>\nEs ist vorbei<\/p>\n","protected":false},"excerpt":{"rendered":"<p>Erscheinungstermin: 21. Juli 2011 Label: Dyslexie Records Gesamtl\u00e4nge: 1:06:35 Es beginnt Ich lebe nicht f\u00fcr euch Klare Sicht Schocktherapie Stars \u00fcber Nacht Alles was z\u00e4hlt Interlude Alles was z\u00e4hlt Dein Weg Der Spiegel Interlude Der Spiegel Bleib en bisschen Das sind wir Du bist nicht allein Der Tag geh\u00f6rt mir Helden Es ist vorbei<\/p>\n","protected":false},"featured_media":90,"comment_status":"open","ping_status":"closed","template":"","meta":[],"product_cat":[6,35],"product_tag":[],"_links":{"self":[{"href":"http:\/\/xn--fnffingershop-wob.live-website.com\/index.php?rest_route=\/wp\/v2\/product\/89"}],"collection":[{"href":"http:\/\/xn--fnffingershop-wob.live-website.com\/index.php?rest_route=\/wp\/v2\/product"}],"about":[{"href":"http:\/\/xn--fnffingershop-wob.live-website.com\/index.php?rest_route=\/wp\/v2\/types\/product"}],"replies":[{"embeddable":true,"href":"http:\/\/xn--fnffingershop-wob.live-website.com\/index.php?rest_route=%2Fwp%2Fv2%2Fcomments&post=89"}],"wp:featuredmedia":[{"embeddable":true,"href":"http:\/\/xn--fnffingershop-wob.live-website.com\/index.php?rest_route=\/wp\/v2\/media\/90"}],"wp:attachment":[{"href":"http:\/\/xn--fnffingershop-wob.live-website.com\/index.php?rest_route=%2Fwp%2Fv2%2Fmedia&parent=89"}],"wp:term":[{"taxonomy":"product_cat","embeddable":true,"href":"http:\/\/xn--fnffingershop-wob.live-website.com\/index.php?rest_route=%2Fwp%2Fv2%2Fproduct_cat&post=89"},{"taxonomy":"product_tag","embeddable":true,"href":"http:\/\/xn--fnffingershop-wob.live-website.com\/index.php?rest_route=%2Fwp%2Fv2%2Fproduct_tag&post=89"}],"curies":[{"name":"wp","href":"https:\/\/api.w.org\/{rel}","templated":true}]}}