{"id":88,"date":"2016-12-14T19:52:45","date_gmt":"2016-12-14T18:52:45","guid":{"rendered":"http:\/\/shop.dyslexie-records.de\/?post_type=product&#038;p=88"},"modified":"2022-04-10T21:36:25","modified_gmt":"2022-04-10T20:36:25","slug":"wortblind-nie-wieder-stumm-vinyl","status":"publish","type":"product","link":"http:\/\/xn--fnffingershop-wob.live-website.com\/?product=wortblind-nie-wieder-stumm-vinyl","title":{"rendered":"WORTBLIND &#8211; Nie Wieder Stumm"},"content":{"rendered":"<p>&#8222;Hookige, treibende Riffs, die mitunter an fr\u00fchere Crossover-Gr\u00f6\u00dfen wie Such A Surge erinnern und Texte mitten aus dem Leben und abseits g\u00e4ngiger Rockklischees. Von Wortblind d\u00fcrfte in n\u00e4chster Zukunft sicher noch mehr zu h\u00f6ren sein. Der Albumtitel darf da durchaus w\u00f6rtlich genommen werden.&#8220; (Frizzmag, 2016)<\/p>\n<p>&#8222;Hoffnungsvoll verzweifelt. Bretthart klingt der Gitarrensound, rau und verzweifelt der Gesang; dabei wirken die F\u00fcnf von &#8222;Wortblind&#8220; ansonsten doch so positiv. Passt schon beides zusammen im Leben der Darmst\u00e4dter Rocker: krachfrohes Schwermetall und eiserne Schwermut.&#8220; (Echo, 2016)<\/p>\n<p>Erscheinungsjahr: 2016<\/p>\n<p>1. Nie wieder stumm<br \/>\n2. Zu sp\u00e4t<br \/>\n3. Interlude I<br \/>\n4. Unsere Zukunft ist jetzt<br \/>\n5. Ewig Sommer<br \/>\n6. Einer dieser Tage<br \/>\n7. Perel\u00edn<br \/>\n8. Pfade<br \/>\n9. Interlude II<br \/>\n10. Leg den Hahn um<br \/>\n11. Lang nicht angekommen<br \/>\n12. Hin &amp; Weg<\/p>\n","protected":false},"excerpt":{"rendered":"<p>&#8222;Hookige, treibende Riffs, die mitunter an fr\u00fchere Crossover-Gr\u00f6\u00dfen wie Such A Surge erinnern und Texte mitten aus dem Leben und abseits g\u00e4ngiger Rockklischees. Von Wortblind d\u00fcrfte in n\u00e4chster Zukunft sicher noch mehr zu h\u00f6ren sein. Der Albumtitel darf da durchaus w\u00f6rtlich genommen werden.&#8220; (Frizzmag, 2016) &#8222;Hoffnungsvoll verzweifelt. Bretthart klingt der Gitarrensound, rau und verzweifelt der [&hellip;]<\/p>\n","protected":false},"featured_media":86,"comment_status":"open","ping_status":"closed","template":"","meta":[],"product_cat":[6,35],"product_tag":[],"_links":{"self":[{"href":"http:\/\/xn--fnffingershop-wob.live-website.com\/index.php?rest_route=\/wp\/v2\/product\/88"}],"collection":[{"href":"http:\/\/xn--fnffingershop-wob.live-website.com\/index.php?rest_route=\/wp\/v2\/product"}],"about":[{"href":"http:\/\/xn--fnffingershop-wob.live-website.com\/index.php?rest_route=\/wp\/v2\/types\/product"}],"replies":[{"embeddable":true,"href":"http:\/\/xn--fnffingershop-wob.live-website.com\/index.php?rest_route=%2Fwp%2Fv2%2Fcomments&post=88"}],"wp:featuredmedia":[{"embeddable":true,"href":"http:\/\/xn--fnffingershop-wob.live-website.com\/index.php?rest_route=\/wp\/v2\/media\/86"}],"wp:attachment":[{"href":"http:\/\/xn--fnffingershop-wob.live-website.com\/index.php?rest_route=%2Fwp%2Fv2%2Fmedia&parent=88"}],"wp:term":[{"taxonomy":"product_cat","embeddable":true,"href":"http:\/\/xn--fnffingershop-wob.live-website.com\/index.php?rest_route=%2Fwp%2Fv2%2Fproduct_cat&post=88"},{"taxonomy":"product_tag","embeddable":true,"href":"http:\/\/xn--fnffingershop-wob.live-website.com\/index.php?rest_route=%2Fwp%2Fv2%2Fproduct_tag&post=88"}],"curies":[{"name":"wp","href":"https:\/\/api.w.org\/{rel}","templated":true}]}}