{"id":568,"date":"2020-06-16T10:31:05","date_gmt":"2020-06-16T09:31:05","guid":{"rendered":"//fuenffingershop.de\/?post_type=product&#038;p=568"},"modified":"2020-06-16T10:32:55","modified_gmt":"2020-06-16T09:32:55","slug":"immergruen-jeder-andere-ein-held-cd-2017","status":"publish","type":"product","link":"http:\/\/xn--fnffingershop-wob.live-website.com\/?product=immergruen-jeder-andere-ein-held-cd-2017","title":{"rendered":"ImmerGr\u00fcn &#8211; \u201eJeder andere ein Held\u201c &#8211; CD (2017)"},"content":{"rendered":"<p>\u201eJeder andere ein Held\u201c wurde am 25. und 26. September 2016 im Proberaum aufgenommen.<\/p>\n<p class=\"p1\"><span class=\"s1\">Ziel war es, den Sound und das Gef\u00fchl der geliebten Steve Albini-Alben aus den 90ern zur\u00fcckzuholen. Rene Hofmann (fat&amp;holy records, wight) hat seine 16-Spur-Bandmaschine im Proberaum aufgebaut und die 6 Lieder wurden mit ihm innerhalb von 2 Tagen live aufgenommen. 100% analog lautete das Motto und so erscheint die Platte eben konsequenterweise nur auf Vinyl. 300 St\u00fcck wurden geschnitten. Ein pers\u00f6nlicher Download-Code liegt jeder Platte bei. Das Artwork hat Simon Droscha entworfen und nat\u00fcrlich erscheint das Album bei Dyslexie-Records.<\/span><\/p>\n<p>Inzwischen ist \u201eJeder andere ein Held\u201c auch als CD erschienen. W\u00e4hlt einfach euer Wunschmedium!<\/p>\n","protected":false},"excerpt":{"rendered":"<p>\u201eJeder andere ein Held\u201c wurde am 25. und 26. September 2016 im Proberaum aufgenommen. Ziel war es, den Sound und das Gef\u00fchl der geliebten Steve Albini-Alben aus den 90ern zur\u00fcckzuholen. Rene Hofmann (fat&amp;holy records, wight) hat seine 16-Spur-Bandmaschine im Proberaum aufgebaut und die 6 Lieder wurden mit ihm innerhalb von 2 Tagen live aufgenommen. 100% [&hellip;]<\/p>\n","protected":false},"featured_media":181,"comment_status":"open","ping_status":"closed","template":"","meta":[],"product_cat":[7,35],"product_tag":[],"_links":{"self":[{"href":"http:\/\/xn--fnffingershop-wob.live-website.com\/index.php?rest_route=\/wp\/v2\/product\/568"}],"collection":[{"href":"http:\/\/xn--fnffingershop-wob.live-website.com\/index.php?rest_route=\/wp\/v2\/product"}],"about":[{"href":"http:\/\/xn--fnffingershop-wob.live-website.com\/index.php?rest_route=\/wp\/v2\/types\/product"}],"replies":[{"embeddable":true,"href":"http:\/\/xn--fnffingershop-wob.live-website.com\/index.php?rest_route=%2Fwp%2Fv2%2Fcomments&post=568"}],"wp:featuredmedia":[{"embeddable":true,"href":"http:\/\/xn--fnffingershop-wob.live-website.com\/index.php?rest_route=\/wp\/v2\/media\/181"}],"wp:attachment":[{"href":"http:\/\/xn--fnffingershop-wob.live-website.com\/index.php?rest_route=%2Fwp%2Fv2%2Fmedia&parent=568"}],"wp:term":[{"taxonomy":"product_cat","embeddable":true,"href":"http:\/\/xn--fnffingershop-wob.live-website.com\/index.php?rest_route=%2Fwp%2Fv2%2Fproduct_cat&post=568"},{"taxonomy":"product_tag","embeddable":true,"href":"http:\/\/xn--fnffingershop-wob.live-website.com\/index.php?rest_route=%2Fwp%2Fv2%2Fproduct_tag&post=568"}],"curies":[{"name":"wp","href":"https:\/\/api.w.org\/{rel}","templated":true}]}}