{"id":323,"date":"2018-07-23T13:57:09","date_gmt":"2018-07-23T12:57:09","guid":{"rendered":"http:\/\/www.fuenffingershop.de\/?post_type=product&#038;p=323"},"modified":"2018-07-24T07:55:40","modified_gmt":"2018-07-24T06:55:40","slug":"trail-spaces-lp-180g-black","status":"publish","type":"product","link":"http:\/\/xn--fnffingershop-wob.live-website.com\/?product=trail-spaces-lp-180g-black","title":{"rendered":"TRAIL &#8211; Spaces &#8211; LP 180g &#8211; Black"},"content":{"rendered":"<p>TRAIL &#8211; Spaces<\/p>\n<p>Als 180g\u00a0LP in Schwarz, inkl. CD und Poster.<\/p>\n<p>TRAIL &#8211; Spaces, Psychedelic Stoner Rock Experience<\/p>\n<p>TRAIL hat sich bereits vor f\u00fcnf Jahren bei den guten Freunden von Tag &amp; Nacht mit einem kleinen Studio gem\u00fctlich gemacht. Im TRAIL Art Studio experimentiert die Band regelm\u00e4\u00dfig an neuen tonalen Sph\u00e4ren und psychedelischen Kl\u00e4ngen.<\/p>\n<p>Das erste Album SPACES wurde gr\u00f6\u00dften Teils live \u00fcber ein Soundcraft 200B und einer Revox B77 Bandmaschine aufgenommen. Durch den Einsatz analoger Technologien konnten die Sounds und Sph\u00e4ren, die bei den jeweiligen St\u00fccken im Raum entstehen, sehr authentisch auf die Platte gebracht werden. Mix und Premaster wurden dabei von Nils Curtze \u2013 Schlagzeuger von TRAIL \u2013 durchgef\u00fchrt, wobei sich Rene Hofmann (Fat &amp; Holy Records, Wight) den eigentlichen Master gewidmet hat.<\/p>\n<p><strong>For international shipping, please write an e-mail to nilscurtze(at)gmx.de. Shipping costs will be 9\u20ac.<\/strong><\/p>\n","protected":false},"excerpt":{"rendered":"<p>TRAIL &#8211; Spaces<\/p>\n<p>Als 180g\u00a0LP in Schwarz, inkl. CD und Poster.<\/p>\n<p><strong>Lieferbar ab 28.07. \u2013 Vorbestellung m\u00f6glich!<\/strong><\/p>\n","protected":false},"featured_media":324,"comment_status":"open","ping_status":"closed","template":"","meta":[],"product_cat":[48,35],"product_tag":[],"_links":{"self":[{"href":"http:\/\/xn--fnffingershop-wob.live-website.com\/index.php?rest_route=\/wp\/v2\/product\/323"}],"collection":[{"href":"http:\/\/xn--fnffingershop-wob.live-website.com\/index.php?rest_route=\/wp\/v2\/product"}],"about":[{"href":"http:\/\/xn--fnffingershop-wob.live-website.com\/index.php?rest_route=\/wp\/v2\/types\/product"}],"replies":[{"embeddable":true,"href":"http:\/\/xn--fnffingershop-wob.live-website.com\/index.php?rest_route=%2Fwp%2Fv2%2Fcomments&post=323"}],"wp:featuredmedia":[{"embeddable":true,"href":"http:\/\/xn--fnffingershop-wob.live-website.com\/index.php?rest_route=\/wp\/v2\/media\/324"}],"wp:attachment":[{"href":"http:\/\/xn--fnffingershop-wob.live-website.com\/index.php?rest_route=%2Fwp%2Fv2%2Fmedia&parent=323"}],"wp:term":[{"taxonomy":"product_cat","embeddable":true,"href":"http:\/\/xn--fnffingershop-wob.live-website.com\/index.php?rest_route=%2Fwp%2Fv2%2Fproduct_cat&post=323"},{"taxonomy":"product_tag","embeddable":true,"href":"http:\/\/xn--fnffingershop-wob.live-website.com\/index.php?rest_route=%2Fwp%2Fv2%2Fproduct_tag&post=323"}],"curies":[{"name":"wp","href":"https:\/\/api.w.org\/{rel}","templated":true}]}}