{"id":193,"date":"2017-12-07T16:58:54","date_gmt":"2017-12-07T15:58:54","guid":{"rendered":"http:\/\/www.fuenffingershop.de\/?post_type=product&#038;p=193"},"modified":"2019-05-10T15:51:58","modified_gmt":"2019-05-10T14:51:58","slug":"t-shirt-text-gruen-auf-weiss","status":"publish","type":"product","link":"http:\/\/xn--fnffingershop-wob.live-website.com\/?product=t-shirt-text-gruen-auf-weiss","title":{"rendered":"T-Shirt &#8222;Text&#8220; gr\u00fcn auf wei\u00df"},"content":{"rendered":"<p>T-Shirt &#8222;Text&#8220; gr\u00fcn auf wei\u00df<\/p>\n","protected":false},"excerpt":{"rendered":"<p>T-Shirt &#8222;Text&#8220; gr\u00fcn auf wei\u00df<\/p>\n","protected":false},"featured_media":194,"comment_status":"open","ping_status":"closed","template":"","meta":[],"product_cat":[7,36],"product_tag":[],"_links":{"self":[{"href":"http:\/\/xn--fnffingershop-wob.live-website.com\/index.php?rest_route=\/wp\/v2\/product\/193"}],"collection":[{"href":"http:\/\/xn--fnffingershop-wob.live-website.com\/index.php?rest_route=\/wp\/v2\/product"}],"about":[{"href":"http:\/\/xn--fnffingershop-wob.live-website.com\/index.php?rest_route=\/wp\/v2\/types\/product"}],"replies":[{"embeddable":true,"href":"http:\/\/xn--fnffingershop-wob.live-website.com\/index.php?rest_route=%2Fwp%2Fv2%2Fcomments&post=193"}],"wp:featuredmedia":[{"embeddable":true,"href":"http:\/\/xn--fnffingershop-wob.live-website.com\/index.php?rest_route=\/wp\/v2\/media\/194"}],"wp:attachment":[{"href":"http:\/\/xn--fnffingershop-wob.live-website.com\/index.php?rest_route=%2Fwp%2Fv2%2Fmedia&parent=193"}],"wp:term":[{"taxonomy":"product_cat","embeddable":true,"href":"http:\/\/xn--fnffingershop-wob.live-website.com\/index.php?rest_route=%2Fwp%2Fv2%2Fproduct_cat&post=193"},{"taxonomy":"product_tag","embeddable":true,"href":"http:\/\/xn--fnffingershop-wob.live-website.com\/index.php?rest_route=%2Fwp%2Fv2%2Fproduct_tag&post=193"}],"curies":[{"name":"wp","href":"https:\/\/api.w.org\/{rel}","templated":true}]}}