{"id":187,"date":"2017-12-07T16:49:30","date_gmt":"2017-12-07T15:49:30","guid":{"rendered":"http:\/\/www.fuenffingershop.de\/?post_type=product&#038;p=187"},"modified":"2020-06-16T10:33:24","modified_gmt":"2020-06-16T09:33:24","slug":"cd-immergruen-immergruen","status":"publish","type":"product","link":"http:\/\/xn--fnffingershop-wob.live-website.com\/?product=cd-immergruen-immergruen","title":{"rendered":"CD Immergr\u00fcn &#8211; &#8222;ImmerGr\u00fcn&#8220; &#8211; 2010"},"content":{"rendered":"<p>CD Immergr\u00fcn &#8211; &#8222;ImmerGr\u00fcn&#8220; &#8211; 2010<\/p>\n<p class=\"p1\"><span class=\"s1\">Die zweite CD mit voller Spiell\u00e4nge aus dem Jahr 2010. <\/span><\/p>\n<p class=\"p1\"><span class=\"s1\">13 Lieder. Produktion: Christof Hardt.<\/span><\/p>\n","protected":false},"excerpt":{"rendered":"<p>CD Immergr\u00fcn &#8211; &#8222;ImmerGr\u00fcn&#8220; &#8211; 2010 Die zweite CD mit voller Spiell\u00e4nge aus dem Jahr 2010. 13 Lieder. Produktion: Christof Hardt.<\/p>\n","protected":false},"featured_media":188,"comment_status":"open","ping_status":"closed","template":"","meta":[],"product_cat":[7,35],"product_tag":[],"_links":{"self":[{"href":"http:\/\/xn--fnffingershop-wob.live-website.com\/index.php?rest_route=\/wp\/v2\/product\/187"}],"collection":[{"href":"http:\/\/xn--fnffingershop-wob.live-website.com\/index.php?rest_route=\/wp\/v2\/product"}],"about":[{"href":"http:\/\/xn--fnffingershop-wob.live-website.com\/index.php?rest_route=\/wp\/v2\/types\/product"}],"replies":[{"embeddable":true,"href":"http:\/\/xn--fnffingershop-wob.live-website.com\/index.php?rest_route=%2Fwp%2Fv2%2Fcomments&post=187"}],"wp:featuredmedia":[{"embeddable":true,"href":"http:\/\/xn--fnffingershop-wob.live-website.com\/index.php?rest_route=\/wp\/v2\/media\/188"}],"wp:attachment":[{"href":"http:\/\/xn--fnffingershop-wob.live-website.com\/index.php?rest_route=%2Fwp%2Fv2%2Fmedia&parent=187"}],"wp:term":[{"taxonomy":"product_cat","embeddable":true,"href":"http:\/\/xn--fnffingershop-wob.live-website.com\/index.php?rest_route=%2Fwp%2Fv2%2Fproduct_cat&post=187"},{"taxonomy":"product_tag","embeddable":true,"href":"http:\/\/xn--fnffingershop-wob.live-website.com\/index.php?rest_route=%2Fwp%2Fv2%2Fproduct_tag&post=187"}],"curies":[{"name":"wp","href":"https:\/\/api.w.org\/{rel}","templated":true}]}}