{"id":165,"date":"2017-07-10T16:47:14","date_gmt":"2017-07-10T15:47:14","guid":{"rendered":"http:\/\/www.fuenffingershop.de\/?post_type=product&#038;p=165"},"modified":"2017-07-10T17:12:24","modified_gmt":"2017-07-10T16:12:24","slug":"outlaw-pop-cd","status":"publish","type":"product","link":"http:\/\/xn--fnffingershop-wob.live-website.com\/?product=outlaw-pop-cd","title":{"rendered":"Outlaw Pop &#8211; Cd"},"content":{"rendered":"<p>Vier Darmst\u00e4dter. Beste Freunde seit \u00fcber 15 Jahren. Bandgr\u00fcndung 2010.<br \/>\nIn ungew\u00f6hnlich unkonventioneller Besetzung geht es in ihren Liedern um Liebe, Triebe, den Teufel, Klappmesser und alles was das Leben den 90s Kids noch abverlangt hat. Gehypte Gro\u00dfstadtjugend trifft dabei auf hinterw\u00e4ldlerischen Country, Rock\u2019n\u2019Roll auf temperamentvollen Pop und auch die Dancefloor-Addicts kommen auf ihre Kosten.<br \/>\nNach vier Jahren voller Konzerte mit ihrer \u201eRadio EP\u201c durch Deutschland, Frankreich, Holland und England erschien am 11.11.2016 ihr Debut-Album \u201eOutLaw Pop\u201c<\/p>\n","protected":false},"excerpt":{"rendered":"<p>Vier Darmst\u00e4dter. Beste Freunde seit \u00fcber 15 Jahren. Bandgr\u00fcndung 2010. In ungew\u00f6hnlich unkonventioneller Besetzung geht es in ihren Liedern um Liebe, Triebe, den Teufel, Klappmesser und alles was das Leben den 90s Kids noch abverlangt hat. Gehypte Gro\u00dfstadtjugend trifft dabei auf hinterw\u00e4ldlerischen Country, Rock\u2019n\u2019Roll auf temperamentvollen Pop und auch die Dancefloor-Addicts kommen auf ihre Kosten. [&hellip;]<\/p>\n","protected":false},"featured_media":164,"comment_status":"open","ping_status":"closed","template":"","meta":[],"product_cat":[40,35],"product_tag":[],"_links":{"self":[{"href":"http:\/\/xn--fnffingershop-wob.live-website.com\/index.php?rest_route=\/wp\/v2\/product\/165"}],"collection":[{"href":"http:\/\/xn--fnffingershop-wob.live-website.com\/index.php?rest_route=\/wp\/v2\/product"}],"about":[{"href":"http:\/\/xn--fnffingershop-wob.live-website.com\/index.php?rest_route=\/wp\/v2\/types\/product"}],"replies":[{"embeddable":true,"href":"http:\/\/xn--fnffingershop-wob.live-website.com\/index.php?rest_route=%2Fwp%2Fv2%2Fcomments&post=165"}],"wp:featuredmedia":[{"embeddable":true,"href":"http:\/\/xn--fnffingershop-wob.live-website.com\/index.php?rest_route=\/wp\/v2\/media\/164"}],"wp:attachment":[{"href":"http:\/\/xn--fnffingershop-wob.live-website.com\/index.php?rest_route=%2Fwp%2Fv2%2Fmedia&parent=165"}],"wp:term":[{"taxonomy":"product_cat","embeddable":true,"href":"http:\/\/xn--fnffingershop-wob.live-website.com\/index.php?rest_route=%2Fwp%2Fv2%2Fproduct_cat&post=165"},{"taxonomy":"product_tag","embeddable":true,"href":"http:\/\/xn--fnffingershop-wob.live-website.com\/index.php?rest_route=%2Fwp%2Fv2%2Fproduct_tag&post=165"}],"curies":[{"name":"wp","href":"https:\/\/api.w.org\/{rel}","templated":true}]}}