{"id":142,"date":"2017-02-07T00:21:28","date_gmt":"2017-02-06T23:21:28","guid":{"rendered":"http:\/\/shop.dyslexie-records.de\/?product=tag-nacht-kreis"},"modified":"2017-02-07T00:27:10","modified_gmt":"2017-02-06T23:27:10","slug":"tag-nacht-kreis","status":"publish","type":"product","link":"http:\/\/xn--fnffingershop-wob.live-website.com\/?product=tag-nacht-kreis","title":{"rendered":"Tag &#038; Nacht &#8211; Shirt &#8211; Kreis"},"content":{"rendered":"<h3>Neutral\u00ae Bio Baumwoll\u00a0Shirt<\/h3>\n<h3>155 g\/m2<br \/>\nFarbe:\u00a0wei\u00df<\/h3>\n<h2>Motiv: Tag &amp; Nacht &#8211;\u00a0Kreis, flauschig geflockt.<\/h2>\n<p><img loading=\"lazy\" decoding=\"async\" class=\"alignnone size-medium wp-image-92\" src=\"http:\/\/shop.dyslexie-records.de\/wp-content\/uploads\/2016\/12\/Certificates20162-300x275.png\" alt=\"\" width=\"300\" height=\"275\" srcset=\"http:\/\/xn--fnffingershop-wob.live-website.com\/wp-content\/uploads\/2016\/12\/Certificates20162-300x275.png 300w, http:\/\/xn--fnffingershop-wob.live-website.com\/wp-content\/uploads\/2016\/12\/Certificates20162-555x509.png 555w, http:\/\/xn--fnffingershop-wob.live-website.com\/wp-content\/uploads\/2016\/12\/Certificates20162-768x705.png 768w, http:\/\/xn--fnffingershop-wob.live-website.com\/wp-content\/uploads\/2016\/12\/Certificates20162.png 927w\" sizes=\"(max-width: 300px) 100vw, 300px\" \/><\/p>\n<p><strong>Gedruckt wird von Hand im Martinsviertel in Darmstadt. Wir verwenden Textilien von Neutral.<\/strong><br \/>\nDie d\u00e4nische Firma mit Sitz in Kopenhagen setzt sich nachhaltig f\u00fcr eine saubere Produktion von Textilien ein und setzt h\u00f6chste Anspr\u00fcchen an Umweltschutz, Fairness und Stil.<br \/>\nNeutral verfolgen einen ganzheitlichen Ansatz: \u00d6konomisch, Umwelt- und menschenbezogen! Die Mitarbeiter von Neutral haben es sich zur Aufgabe gemacht, auch andere Firmen und Hersteller von ihren Ansichten zu \u00fcberzeugen. Kollaborationen und Infoprojekte sollen den Blick von anderen auf Nachhaltigkeit, Fairness und Umweltschutz in der Kleidungsindustrie lenken.<\/p>\n<p>Neutral garantiert beste Herstellungsverh\u00e4ltnisse .Die gesamte Textil- und Kleidungsproduktion der d\u00e4nischen Firma findet in Indien statt. Traditionelle, ohne Toxine und Chemikalien stattfindende<br \/>\nProduktion sichert Top-Qualit\u00e4t von Endprodukt und Arbeitsanstellung. Im Jahr 2012 wurde Neutral Mitglied der \u201eDanish Ethical Trading Initiative, DIEH\u201c. Die Fabrikhallen werden von Windenergie angetrieben und giftige Stoffe werden zu 100% vermieden. Neutral Textilien k\u00f6nnen deshalb direkt nach dem Kauf getragen werden!<\/p>\n<p>\u201eIt&#8217;s no secret that the textile industry is often a dirty business. But it doesn&#8217;t have to be.<br \/>\nNeutral\u00ae is the result of our ambition to make truly sustainable clothing, addressing all relevant issues across the entire production chain. The result is clothing that\u2019s both eco friendly, climate friendly and people friendly. And here\u2019s how:<\/p>\n<p>OKAY ORGANIC COTTON<br \/>\nWhy? It\u2019s earthworms instead of chemicals, cleaner ground water and rivers,<br \/>\nand toxic free handpicking by the Indian farmers.<\/p>\n<p>OKAY ENVIRONMENT<br \/>\nWhy? We like to drink clean water, eat healthy food and live in an unpolluted<br \/>\nenvironment. We guess people in India do too. So we reuse our waste-water,<br \/>\nreduce and recycle waste, and try to be as environmentally friendly as possible.<\/p>\n<p>OKAY FARMERS<br \/>\nWhy? Cotton farming in India is old school. No fancy machines. Just families<br \/>\ngrowing cotton the hard way. By paying cotton farmers a little extra with<br \/>\nFairtrade, they can change their life. Like send their kids to school or invest in<br \/>\nbetter tools. That\u2019s okay.<\/p>\n<p>OKAY WORKING CONDITIONS<br \/>\nWhy? Factory workers are hard working people. That\u2019s okay \u2013 when they have<br \/>\ngood, safe working conditions. By using the highest labor rights standard<br \/>\naround, the SA8000 standard, we know that\u2019s the case.<\/p>\n<p>OKAY TEXTILES<br \/>\nWhy? Neutral\u00ae avoids harmful chemicals in the production. This means that<br \/>\nthe final product is clean and ready to wear when you receive it &#8211; no need to<br \/>\nwash before use.<\/p>\n<p>OKAY ENERGY<br \/>\nWhy? Replacing conventional energy sources with renewable energy is<br \/>\nbeneficial for both climate and local environment. Neutral\u00ae is produced at<br \/>\nfacilities powered by wind mills.\u201c<\/p>\n<p>Infos zu den Zertifikaten und Neutral unter:\u00a0<a href=\"http:\/\/www.neutral.com\/\">http:\/\/www.neutral.com\/<\/a><\/p>\n","protected":false},"excerpt":{"rendered":"<p>Neutral\u00ae Bio Baumwoll\u00a0Shirt 155 g\/m2 Farbe:\u00a0wei\u00df Motiv: Tag &amp; Nacht &#8211;\u00a0Kreis, flauschig geflockt. Gedruckt wird von Hand im Martinsviertel in Darmstadt. Wir verwenden Textilien von Neutral. Die d\u00e4nische Firma mit Sitz in Kopenhagen setzt sich nachhaltig f\u00fcr eine saubere Produktion von Textilien ein und setzt h\u00f6chste Anspr\u00fcchen an Umweltschutz, Fairness und Stil. Neutral verfolgen einen [&hellip;]<\/p>\n","protected":false},"featured_media":144,"comment_status":"open","ping_status":"closed","template":"","meta":[],"product_cat":[36,38],"product_tag":[],"_links":{"self":[{"href":"http:\/\/xn--fnffingershop-wob.live-website.com\/index.php?rest_route=\/wp\/v2\/product\/142"}],"collection":[{"href":"http:\/\/xn--fnffingershop-wob.live-website.com\/index.php?rest_route=\/wp\/v2\/product"}],"about":[{"href":"http:\/\/xn--fnffingershop-wob.live-website.com\/index.php?rest_route=\/wp\/v2\/types\/product"}],"replies":[{"embeddable":true,"href":"http:\/\/xn--fnffingershop-wob.live-website.com\/index.php?rest_route=%2Fwp%2Fv2%2Fcomments&post=142"}],"wp:featuredmedia":[{"embeddable":true,"href":"http:\/\/xn--fnffingershop-wob.live-website.com\/index.php?rest_route=\/wp\/v2\/media\/144"}],"wp:attachment":[{"href":"http:\/\/xn--fnffingershop-wob.live-website.com\/index.php?rest_route=%2Fwp%2Fv2%2Fmedia&parent=142"}],"wp:term":[{"taxonomy":"product_cat","embeddable":true,"href":"http:\/\/xn--fnffingershop-wob.live-website.com\/index.php?rest_route=%2Fwp%2Fv2%2Fproduct_cat&post=142"},{"taxonomy":"product_tag","embeddable":true,"href":"http:\/\/xn--fnffingershop-wob.live-website.com\/index.php?rest_route=%2Fwp%2Fv2%2Fproduct_tag&post=142"}],"curies":[{"name":"wp","href":"https:\/\/api.w.org\/{rel}","templated":true}]}}