{"id":23,"date":"2016-12-13T20:49:14","date_gmt":"2016-12-13T20:49:14","guid":{"rendered":"http:\/\/shop.dyslexie-records.de\/?page_id=23"},"modified":"2018-03-09T11:04:13","modified_gmt":"2018-03-09T10:04:13","slug":"versandarten","status":"publish","type":"page","link":"http:\/\/xn--fnffingershop-wob.live-website.com\/?page_id=23","title":{"rendered":"Versandarten"},"content":{"rendered":"<p>Wir bieten zun\u00e4chst nur Versand in Deutschland an, erweitern das Angebot aber stetig.<\/p>\n<p>Die Produkte der verschiedenen Marken und Bands werden von den K\u00fcnstlern eigenh\u00e4ndig\u00a0kommissioniert und verschickt. Daher\u00a0unterscheiden\u00a0Versandkosten und Lieferzeiten leicht, je nachdem von wem ihr Bestellt. Sicher gehen k\u00f6nnt ihr, wenn ihr auf &#8222;Warenkorb&#8220; klickt, dort wird die finale Versandkostenpauschale angezeigt.<\/p>\n<p>\u00dcbrigends versuchen wir, wenn ihr Artikel unterschiedlicher K\u00fcnstler bestellt, alles zusammen zu packen um Versandkosten zu sparen. Das kann dann einen Tag l\u00e4nger dauern, weil Henning erstmal dr\u00fcben bei Fabi klingeln muss um die Cds zusammen in einen Karton zu packen, spart aber Versandkosten! &lt;3<\/p>\n<p>Hier mal eine \u00dcbersicht der\u00a0Pauschalen f\u00fcr Versand und Verpackung:<\/p>\n<p><strong>Wortblind, Tag &amp; Nacht und Fuenffinger:<\/strong><\/p>\n<p>Cds: 3,90\u20ac<\/p>\n<p>Vinyl: 3,90\u20ac<\/p>\n<p>Alles andere: 4,90\u20ac<\/p>\n<p><strong>Immergr\u00fcn<br \/>\n<\/strong><\/p>\n<p>Alles: 4,95\u20ac<\/p>\n<p><strong>TRAIL<\/p>\n<p><\/strong>Cds: 3,90\u20ac<\/p>\n<p>Alles andere: 4,90\u20ac<\/p>\n<p><strong>THE BARBERS:<\/strong><\/p>\n<p>Cds: 3,90\u20ac<\/p>\n<p>Alles andere: 4,90\u20ac<\/p>\n<p>&nbsp;<\/p>\n<p>Alle Artikel k\u00f6nnen auch in Darmstadt oder bei den jeweiligen Konzerten der Bands abgeholt werden! Spread &lt;3<\/p>\n","protected":false},"excerpt":{"rendered":"<p>Wir bieten zun\u00e4chst nur Versand in Deutschland an, erweitern das Angebot aber stetig. Die Produkte der verschiedenen Marken und Bands werden von den K\u00fcnstlern eigenh\u00e4ndig\u00a0kommissioniert und verschickt. Daher\u00a0unterscheiden\u00a0Versandkosten und Lieferzeiten leicht, je nachdem von wem ihr Bestellt. Sicher gehen k\u00f6nnt ihr, wenn ihr auf &#8222;Warenkorb&#8220; klickt, dort wird die finale Versandkostenpauschale angezeigt. \u00dcbrigends versuchen wir, [&hellip;]<\/p>\n","protected":false},"author":1,"featured_media":0,"parent":0,"menu_order":0,"comment_status":"closed","ping_status":"closed","template":"","meta":{"footnotes":""},"_links":{"self":[{"href":"http:\/\/xn--fnffingershop-wob.live-website.com\/index.php?rest_route=\/wp\/v2\/pages\/23"}],"collection":[{"href":"http:\/\/xn--fnffingershop-wob.live-website.com\/index.php?rest_route=\/wp\/v2\/pages"}],"about":[{"href":"http:\/\/xn--fnffingershop-wob.live-website.com\/index.php?rest_route=\/wp\/v2\/types\/page"}],"author":[{"embeddable":true,"href":"http:\/\/xn--fnffingershop-wob.live-website.com\/index.php?rest_route=\/wp\/v2\/users\/1"}],"replies":[{"embeddable":true,"href":"http:\/\/xn--fnffingershop-wob.live-website.com\/index.php?rest_route=%2Fwp%2Fv2%2Fcomments&post=23"}],"version-history":[{"count":5,"href":"http:\/\/xn--fnffingershop-wob.live-website.com\/index.php?rest_route=\/wp\/v2\/pages\/23\/revisions"}],"predecessor-version":[{"id":271,"href":"http:\/\/xn--fnffingershop-wob.live-website.com\/index.php?rest_route=\/wp\/v2\/pages\/23\/revisions\/271"}],"wp:attachment":[{"href":"http:\/\/xn--fnffingershop-wob.live-website.com\/index.php?rest_route=%2Fwp%2Fv2%2Fmedia&parent=23"}],"curies":[{"name":"wp","href":"https:\/\/api.w.org\/{rel}","templated":true}]}}