{"id":22,"date":"2016-12-13T20:49:14","date_gmt":"2016-12-13T20:49:14","guid":{"rendered":"http:\/\/shop.dyslexie-records.de\/?page_id=22"},"modified":"2016-12-14T20:40:34","modified_gmt":"2016-12-14T20:40:34","slug":"widerrufsbelehrung","status":"publish","type":"page","link":"http:\/\/xn--fnffingershop-wob.live-website.com\/?page_id=22","title":{"rendered":"Widerrufsbelehrung"},"content":{"rendered":"<p>Als Verbraucher kannst Du Deine Vertragserkl\u00e4rung innerhalb von 14 Tagen ohne Angaben von Gr\u00fcnden in Textform (z.B. Brief, E-Mail) widerrufen. Die Frist beginnt nach Erhalt dieser Belehrung in Textform, jedoch nicht vor Eingang der bestellten Waren bei Dir und auch nicht vor Erf\u00fcllung unserer Informationspflichten gem\u00e4\u00df Artikel 246 \u00a7 2 in Verbindung mit \u00a7 1 Abs. 1 und 2 EGBGB sowie gem\u00e4\u00df \u00a7 312e Abs. 1 Satz 1 BGB in Verbindung mit Artikel 246 \u00a7 3 EGBGB.<br \/>\nZur Wahrung der Widerrufsfrist gen\u00fcgt die rechtzeitige Absendung des Widerrufs oder der Sache.<br \/>\n!! Achtung: Konzerttickets sind vom Umtausch ausgeschlossen. Das Widerrufsrecht gilt nicht f\u00fcr benutzte Waren. Dies gilt insbesondere f\u00fcr getragene oder gewaschene Textilien sowie entsiegelte Tontr\u00e4ger.<br \/>\nDer Widerruf ist zu richten an:<br \/>\nFuenf Finger Shop, Dyslexie Records GbR, Mornewegstra\u00dfe 43b, 64293 Darmstadt.<br \/>\noder per e-Mail:<br \/>\ninfo@dyslexie-records.de<\/p>\n<p>VI. Widerrufsfolgen:<br \/>\nIm Falle eines wirksamen Widerrufs sind die beiderseits empfangenen Leistungen zur\u00fcckzugew\u00e4hren und gegebenenfalls gezogenen Nutzungen (z. B. Zinsen) herauszugeben. Kannst Du uns die empfangene Leistung ganz oder teilweise nicht oder nur in verschlechtertem Zustand zur\u00fcckgew\u00e4hren, musst Du uns insoweit gegebenenfalls Wertersatz leisten. Bei der \u00dcberlassung von Waren gilt dies jedoch dann nicht, wenn die Verschlechterung der Ware ausschlie\u00dflich auf der Pr\u00fcfung ihrer Eigenschaft und Funktionsf\u00e4higkeit &#8211; wie sie Dir etwa im Ladengesch\u00e4ft m\u00f6glich gewesen w\u00e4re &#8211; zur\u00fcckzuf\u00fchren ist. F\u00fcr eine durch die bestimmungsgem\u00e4\u00dfe Ingebrauchnahme der Ware entstandene Verschlechterung musst Du keinen Wertersatz leisten.<br \/>\nPaketversandf\u00e4hige Sachen sind auf unsere Gefahr zur\u00fcckzusenden. Du hast die regelm\u00e4\u00dfigen Kosten der R\u00fccksendung zu tragen, wenn die gelieferte Ware der bestellten entspricht und wenn Du bei einem h\u00f6heren Preis der Sache zum Zeitpunkt des Widerrufs noch nicht die Gegenleistung oder eine vertraglich vereinbarte Teilzahlung erbracht hast. Nicht paketversandf\u00e4hige Sachen werden bei Dir abgeholt.<br \/>\nVerpflichtungen zur Erstattung von Zahlungen m\u00fcssen innerhalb von 30 Tagen erf\u00fcllt werden. Die Frist beginnt f\u00fcr Dich mit der Absendung Deiner Widerrufserkl\u00e4rung oder der Ware, f\u00fcr uns mit deren Empfang.<br \/>\nEin Widerrufsrecht besteht nicht bei Fernabsatzvertr\u00e4gen<br \/>\n&#8211; zur Lieferung von Waren, die auf Grund ihrer Beschaffenheit nicht f\u00fcr eine R\u00fccksendung geeignet sind oder schnell verderben k\u00f6nnen oder deren Verfalldatum \u00fcberschritten w\u00fcrde.<br \/>\n&#8211; zur Lieferung von Eintrittskarten f\u00fcr Konzerte und \u00e4hnliche Veranstaltungen.<br \/>\n&#8211; zur Lieferung von Audio- oder Videoaufzeichnungen, sofern die gelieferten Datentr\u00e4ger vom Verbraucher entsiegelt worden sind.<br \/>\n&#8211; zur Lieferung von Zeitungen, Zeitschriften und Illustrierten.<\/p>\n<p>Ende der Widerrufsbelehrung<\/p>\n","protected":false},"excerpt":{"rendered":"<p>Als Verbraucher kannst Du Deine Vertragserkl\u00e4rung innerhalb von 14 Tagen ohne Angaben von Gr\u00fcnden in Textform (z.B. Brief, E-Mail) widerrufen. Die Frist beginnt nach Erhalt dieser Belehrung in Textform, jedoch nicht vor Eingang der bestellten Waren bei Dir und auch nicht vor Erf\u00fcllung unserer Informationspflichten gem\u00e4\u00df Artikel 246 \u00a7 2 in Verbindung mit \u00a7 1 [&hellip;]<\/p>\n","protected":false},"author":1,"featured_media":0,"parent":0,"menu_order":0,"comment_status":"closed","ping_status":"closed","template":"","meta":{"footnotes":""},"_links":{"self":[{"href":"http:\/\/xn--fnffingershop-wob.live-website.com\/index.php?rest_route=\/wp\/v2\/pages\/22"}],"collection":[{"href":"http:\/\/xn--fnffingershop-wob.live-website.com\/index.php?rest_route=\/wp\/v2\/pages"}],"about":[{"href":"http:\/\/xn--fnffingershop-wob.live-website.com\/index.php?rest_route=\/wp\/v2\/types\/page"}],"author":[{"embeddable":true,"href":"http:\/\/xn--fnffingershop-wob.live-website.com\/index.php?rest_route=\/wp\/v2\/users\/1"}],"replies":[{"embeddable":true,"href":"http:\/\/xn--fnffingershop-wob.live-website.com\/index.php?rest_route=%2Fwp%2Fv2%2Fcomments&post=22"}],"version-history":[{"count":2,"href":"http:\/\/xn--fnffingershop-wob.live-website.com\/index.php?rest_route=\/wp\/v2\/pages\/22\/revisions"}],"predecessor-version":[{"id":103,"href":"http:\/\/xn--fnffingershop-wob.live-website.com\/index.php?rest_route=\/wp\/v2\/pages\/22\/revisions\/103"}],"wp:attachment":[{"href":"http:\/\/xn--fnffingershop-wob.live-website.com\/index.php?rest_route=%2Fwp%2Fv2%2Fmedia&parent=22"}],"curies":[{"name":"wp","href":"https:\/\/api.w.org\/{rel}","templated":true}]}}